{"id":89,"date":"2024-09-08T18:40:00","date_gmt":"2024-09-08T16:40:00","guid":{"rendered":"https:\/\/jonde.eu\/?post_type=product&#038;p=89"},"modified":"2025-02-28T16:58:37","modified_gmt":"2025-02-28T15:58:37","slug":"book-cover-bag-l-black","status":"publish","type":"product","link":"https:\/\/jonde.eu\/de\/shop\/book-cover-bag-l-black\/","title":{"rendered":"Book Cover Bag L"},"content":{"rendered":"<p>Book Cover Bag<\/p>\n<p>size Large (23 x 15 x 4.5cm)<\/p>\n<p>Unisex design<\/p>\n<ul>\n<li>Abnehmbarer und verstellbarer Schultergurt (3 cm breit)<\/li>\n<li>Doppelter Rei\u00dfverschluss<\/li>\n<li>Au\u00dfentasche mit Druckknopfverschluss 1x<\/li>\n<li>Au\u00dfentasche mit Rei\u00dfverschluss und 2 Kartenf\u00e4chern innen 1x<\/li>\n<li>Flaches Fach auf einer Seite des Hauptfachs zum Verstauen der Vorderseite eines Buches<\/li>\n<li>Elastisches Band auf der anderen Seite des Hauptfachs zur Sicherung der R\u00fcckseite eines Buches<\/li>\n<li>Lesezeichen<\/li>\n<li>Stifthalter<\/li>\n<li>JONDE logo<\/li>\n<li>Aus Apfelleder gefertigt<\/li>\n<\/ul>","protected":false},"excerpt":{"rendered":"<p>Book Cover Bag<\/p>\n<p>Large (23 x 15 x 4.5cm)<\/p>\n<p>Unisex<\/p>\n<p>Black<\/p>","protected":false},"featured_media":397,"template":"","meta":{"_acf_changed":false},"product_brand":[],"product_cat":[20],"product_tag":[22,27,21,26],"class_list":{"0":"post-89","1":"product","2":"type-product","3":"status-publish","4":"has-post-thumbnail","6":"product_cat-book-cover-bag","7":"product_tag-bag","8":"product_tag-black","9":"product_tag-book","10":"product_tag-l","12":"first","13":"instock","14":"taxable","15":"shipping-taxable","16":"purchasable","17":"product-type-simple"},"acf":[],"_links":{"self":[{"href":"https:\/\/jonde.eu\/de\/wp-json\/wp\/v2\/product\/89","targetHints":{"allow":["GET"]}}],"collection":[{"href":"https:\/\/jonde.eu\/de\/wp-json\/wp\/v2\/product"}],"about":[{"href":"https:\/\/jonde.eu\/de\/wp-json\/wp\/v2\/types\/product"}],"wp:featuredmedia":[{"embeddable":true,"href":"https:\/\/jonde.eu\/de\/wp-json\/wp\/v2\/media\/397"}],"wp:attachment":[{"href":"https:\/\/jonde.eu\/de\/wp-json\/wp\/v2\/media?parent=89"}],"wp:term":[{"taxonomy":"product_brand","embeddable":true,"href":"https:\/\/jonde.eu\/de\/wp-json\/wp\/v2\/product_brand?post=89"},{"taxonomy":"product_cat","embeddable":true,"href":"https:\/\/jonde.eu\/de\/wp-json\/wp\/v2\/product_cat?post=89"},{"taxonomy":"product_tag","embeddable":true,"href":"https:\/\/jonde.eu\/de\/wp-json\/wp\/v2\/product_tag?post=89"}],"curies":[{"name":"wp","href":"https:\/\/api.w.org\/{rel}","templated":true}]}}