{"id":525,"date":"2026-05-05T04:54:25","date_gmt":"2026-05-05T02:54:25","guid":{"rendered":"https:\/\/jonde.eu\/?post_type=product&#038;p=525"},"modified":"2026-05-11T13:25:37","modified_gmt":"2026-05-11T11:25:37","slug":"jonde-kaffeemuhle","status":"publish","type":"product","link":"https:\/\/jonde.eu\/de\/shop\/jonde-kaffeemuhle\/","title":{"rendered":"JONDE Kaffeem\u00fchle set"},"content":{"rendered":"<p><img loading=\"lazy\" decoding=\"async\" class=\"alignnone size-medium wp-image-526\" src=\"https:\/\/jonde.eu\/wp-content\/uploads\/2026\/05\/ChatGPT-Image-2026\u5e745\u67085\u65e5-03_50_57-300x300.png\" alt=\"\" width=\"300\" height=\"300\" srcset=\"https:\/\/jonde.eu\/wp-content\/uploads\/2026\/05\/ChatGPT-Image-2026\u5e745\u67085\u65e5-03_50_57-300x300.png 300w, https:\/\/jonde.eu\/wp-content\/uploads\/2026\/05\/ChatGPT-Image-2026\u5e745\u67085\u65e5-03_50_57-1024x1024.png 1024w, https:\/\/jonde.eu\/wp-content\/uploads\/2026\/05\/ChatGPT-Image-2026\u5e745\u67085\u65e5-03_50_57-150x150.png 150w, https:\/\/jonde.eu\/wp-content\/uploads\/2026\/05\/ChatGPT-Image-2026\u5e745\u67085\u65e5-03_50_57-768x768.png 768w, https:\/\/jonde.eu\/wp-content\/uploads\/2026\/05\/ChatGPT-Image-2026\u5e745\u67085\u65e5-03_50_57-12x12.png 12w, https:\/\/jonde.eu\/wp-content\/uploads\/2026\/05\/ChatGPT-Image-2026\u5e745\u67085\u65e5-03_50_57-600x600.png 600w, https:\/\/jonde.eu\/wp-content\/uploads\/2026\/05\/ChatGPT-Image-2026\u5e745\u67085\u65e5-03_50_57-100x100.png 100w, https:\/\/jonde.eu\/wp-content\/uploads\/2026\/05\/ChatGPT-Image-2026\u5e745\u67085\u65e5-03_50_57.png 1254w\" sizes=\"auto, (max-width: 300px) 100vw, 300px\" \/> <img loading=\"lazy\" decoding=\"async\" class=\"alignnone size-medium wp-image-527\" src=\"https:\/\/jonde.eu\/wp-content\/uploads\/2026\/05\/ChatGPT-Image-2026\u5e745\u67085\u65e5-03_53_08-300x300.png\" alt=\"\" width=\"300\" height=\"300\" srcset=\"https:\/\/jonde.eu\/wp-content\/uploads\/2026\/05\/ChatGPT-Image-2026\u5e745\u67085\u65e5-03_53_08-300x300.png 300w, https:\/\/jonde.eu\/wp-content\/uploads\/2026\/05\/ChatGPT-Image-2026\u5e745\u67085\u65e5-03_53_08-1024x1024.png 1024w, https:\/\/jonde.eu\/wp-content\/uploads\/2026\/05\/ChatGPT-Image-2026\u5e745\u67085\u65e5-03_53_08-150x150.png 150w, https:\/\/jonde.eu\/wp-content\/uploads\/2026\/05\/ChatGPT-Image-2026\u5e745\u67085\u65e5-03_53_08-768x768.png 768w, https:\/\/jonde.eu\/wp-content\/uploads\/2026\/05\/ChatGPT-Image-2026\u5e745\u67085\u65e5-03_53_08-12x12.png 12w, https:\/\/jonde.eu\/wp-content\/uploads\/2026\/05\/ChatGPT-Image-2026\u5e745\u67085\u65e5-03_53_08-600x600.png 600w, https:\/\/jonde.eu\/wp-content\/uploads\/2026\/05\/ChatGPT-Image-2026\u5e745\u67085\u65e5-03_53_08-100x100.png 100w, https:\/\/jonde.eu\/wp-content\/uploads\/2026\/05\/ChatGPT-Image-2026\u5e745\u67085\u65e5-03_53_08.png 1254w\" sizes=\"auto, (max-width: 300px) 100vw, 300px\" \/> <img loading=\"lazy\" decoding=\"async\" class=\"alignnone size-medium wp-image-528\" src=\"https:\/\/jonde.eu\/wp-content\/uploads\/2026\/05\/ChatGPT-Image-2026\u5e745\u67085\u65e5-03_54_38-300x300.png\" alt=\"\" width=\"300\" height=\"300\" srcset=\"https:\/\/jonde.eu\/wp-content\/uploads\/2026\/05\/ChatGPT-Image-2026\u5e745\u67085\u65e5-03_54_38-300x300.png 300w, https:\/\/jonde.eu\/wp-content\/uploads\/2026\/05\/ChatGPT-Image-2026\u5e745\u67085\u65e5-03_54_38-1024x1024.png 1024w, https:\/\/jonde.eu\/wp-content\/uploads\/2026\/05\/ChatGPT-Image-2026\u5e745\u67085\u65e5-03_54_38-150x150.png 150w, https:\/\/jonde.eu\/wp-content\/uploads\/2026\/05\/ChatGPT-Image-2026\u5e745\u67085\u65e5-03_54_38-768x768.png 768w, https:\/\/jonde.eu\/wp-content\/uploads\/2026\/05\/ChatGPT-Image-2026\u5e745\u67085\u65e5-03_54_38-12x12.png 12w, https:\/\/jonde.eu\/wp-content\/uploads\/2026\/05\/ChatGPT-Image-2026\u5e745\u67085\u65e5-03_54_38-600x600.png 600w, https:\/\/jonde.eu\/wp-content\/uploads\/2026\/05\/ChatGPT-Image-2026\u5e745\u67085\u65e5-03_54_38-100x100.png 100w, https:\/\/jonde.eu\/wp-content\/uploads\/2026\/05\/ChatGPT-Image-2026\u5e745\u67085\u65e5-03_54_38.png 1254w\" sizes=\"auto, (max-width: 300px) 100vw, 300px\" \/> <img loading=\"lazy\" decoding=\"async\" class=\"alignnone size-medium wp-image-529\" src=\"https:\/\/jonde.eu\/wp-content\/uploads\/2026\/05\/ChatGPT-Image-2026\u5e745\u67085\u65e5-03_57_20-300x300.png\" alt=\"\" width=\"300\" height=\"300\" srcset=\"https:\/\/jonde.eu\/wp-content\/uploads\/2026\/05\/ChatGPT-Image-2026\u5e745\u67085\u65e5-03_57_20-300x300.png 300w, https:\/\/jonde.eu\/wp-content\/uploads\/2026\/05\/ChatGPT-Image-2026\u5e745\u67085\u65e5-03_57_20-1024x1024.png 1024w, https:\/\/jonde.eu\/wp-content\/uploads\/2026\/05\/ChatGPT-Image-2026\u5e745\u67085\u65e5-03_57_20-150x150.png 150w, https:\/\/jonde.eu\/wp-content\/uploads\/2026\/05\/ChatGPT-Image-2026\u5e745\u67085\u65e5-03_57_20-768x768.png 768w, https:\/\/jonde.eu\/wp-content\/uploads\/2026\/05\/ChatGPT-Image-2026\u5e745\u67085\u65e5-03_57_20-12x12.png 12w, https:\/\/jonde.eu\/wp-content\/uploads\/2026\/05\/ChatGPT-Image-2026\u5e745\u67085\u65e5-03_57_20-600x600.png 600w, https:\/\/jonde.eu\/wp-content\/uploads\/2026\/05\/ChatGPT-Image-2026\u5e745\u67085\u65e5-03_57_20-100x100.png 100w, https:\/\/jonde.eu\/wp-content\/uploads\/2026\/05\/ChatGPT-Image-2026\u5e745\u67085\u65e5-03_57_20.png 1254w\" sizes=\"auto, (max-width: 300px) 100vw, 300px\" \/> <img loading=\"lazy\" decoding=\"async\" class=\"alignnone size-medium wp-image-531\" src=\"https:\/\/jonde.eu\/wp-content\/uploads\/2026\/05\/ChatGPT-Image-2026\u5e745\u67085\u65e5-03_59_13-300x300.png\" alt=\"\" width=\"300\" height=\"300\" srcset=\"https:\/\/jonde.eu\/wp-content\/uploads\/2026\/05\/ChatGPT-Image-2026\u5e745\u67085\u65e5-03_59_13-300x300.png 300w, https:\/\/jonde.eu\/wp-content\/uploads\/2026\/05\/ChatGPT-Image-2026\u5e745\u67085\u65e5-03_59_13-1024x1024.png 1024w, https:\/\/jonde.eu\/wp-content\/uploads\/2026\/05\/ChatGPT-Image-2026\u5e745\u67085\u65e5-03_59_13-150x150.png 150w, https:\/\/jonde.eu\/wp-content\/uploads\/2026\/05\/ChatGPT-Image-2026\u5e745\u67085\u65e5-03_59_13-768x768.png 768w, https:\/\/jonde.eu\/wp-content\/uploads\/2026\/05\/ChatGPT-Image-2026\u5e745\u67085\u65e5-03_59_13-12x12.png 12w, https:\/\/jonde.eu\/wp-content\/uploads\/2026\/05\/ChatGPT-Image-2026\u5e745\u67085\u65e5-03_59_13-600x600.png 600w, https:\/\/jonde.eu\/wp-content\/uploads\/2026\/05\/ChatGPT-Image-2026\u5e745\u67085\u65e5-03_59_13-100x100.png 100w, https:\/\/jonde.eu\/wp-content\/uploads\/2026\/05\/ChatGPT-Image-2026\u5e745\u67085\u65e5-03_59_13.png 1254w\" sizes=\"auto, (max-width: 300px) 100vw, 300px\" \/> <img loading=\"lazy\" decoding=\"async\" class=\"alignnone size-medium wp-image-532\" src=\"https:\/\/jonde.eu\/wp-content\/uploads\/2026\/05\/ChatGPT-Image-2026\u5e745\u67085\u65e5-04_03_04-300x300.png\" alt=\"\" width=\"300\" height=\"300\" srcset=\"https:\/\/jonde.eu\/wp-content\/uploads\/2026\/05\/ChatGPT-Image-2026\u5e745\u67085\u65e5-04_03_04-300x300.png 300w, https:\/\/jonde.eu\/wp-content\/uploads\/2026\/05\/ChatGPT-Image-2026\u5e745\u67085\u65e5-04_03_04-1024x1024.png 1024w, https:\/\/jonde.eu\/wp-content\/uploads\/2026\/05\/ChatGPT-Image-2026\u5e745\u67085\u65e5-04_03_04-150x150.png 150w, https:\/\/jonde.eu\/wp-content\/uploads\/2026\/05\/ChatGPT-Image-2026\u5e745\u67085\u65e5-04_03_04-768x768.png 768w, https:\/\/jonde.eu\/wp-content\/uploads\/2026\/05\/ChatGPT-Image-2026\u5e745\u67085\u65e5-04_03_04-12x12.png 12w, https:\/\/jonde.eu\/wp-content\/uploads\/2026\/05\/ChatGPT-Image-2026\u5e745\u67085\u65e5-04_03_04-600x600.png 600w, https:\/\/jonde.eu\/wp-content\/uploads\/2026\/05\/ChatGPT-Image-2026\u5e745\u67085\u65e5-04_03_04-100x100.png 100w, https:\/\/jonde.eu\/wp-content\/uploads\/2026\/05\/ChatGPT-Image-2026\u5e745\u67085\u65e5-04_03_04.png 1254w\" sizes=\"auto, (max-width: 300px) 100vw, 300px\" \/> <img loading=\"lazy\" decoding=\"async\" class=\"alignnone size-medium wp-image-533\" src=\"https:\/\/jonde.eu\/wp-content\/uploads\/2026\/05\/ChatGPT-Image-2026\u5e745\u67085\u65e5-04_37_27-300x300.png\" alt=\"\" width=\"300\" height=\"300\" srcset=\"https:\/\/jonde.eu\/wp-content\/uploads\/2026\/05\/ChatGPT-Image-2026\u5e745\u67085\u65e5-04_37_27-300x300.png 300w, https:\/\/jonde.eu\/wp-content\/uploads\/2026\/05\/ChatGPT-Image-2026\u5e745\u67085\u65e5-04_37_27-1024x1024.png 1024w, https:\/\/jonde.eu\/wp-content\/uploads\/2026\/05\/ChatGPT-Image-2026\u5e745\u67085\u65e5-04_37_27-150x150.png 150w, https:\/\/jonde.eu\/wp-content\/uploads\/2026\/05\/ChatGPT-Image-2026\u5e745\u67085\u65e5-04_37_27-768x768.png 768w, https:\/\/jonde.eu\/wp-content\/uploads\/2026\/05\/ChatGPT-Image-2026\u5e745\u67085\u65e5-04_37_27-12x12.png 12w, https:\/\/jonde.eu\/wp-content\/uploads\/2026\/05\/ChatGPT-Image-2026\u5e745\u67085\u65e5-04_37_27-600x600.png 600w, https:\/\/jonde.eu\/wp-content\/uploads\/2026\/05\/ChatGPT-Image-2026\u5e745\u67085\u65e5-04_37_27-100x100.png 100w, https:\/\/jonde.eu\/wp-content\/uploads\/2026\/05\/ChatGPT-Image-2026\u5e745\u67085\u65e5-04_37_27.png 1254w\" sizes=\"auto, (max-width: 300px) 100vw, 300px\" \/><\/p>\n<p><img loading=\"lazy\" decoding=\"async\" class=\"alignnone size-medium wp-image-539\" src=\"https:\/\/jonde.eu\/wp-content\/uploads\/2026\/05\/ChatGPT-Image-2026\u5e745\u67085\u65e5-04_39_53-300x300.png\" alt=\"\" width=\"300\" height=\"300\" srcset=\"https:\/\/jonde.eu\/wp-content\/uploads\/2026\/05\/ChatGPT-Image-2026\u5e745\u67085\u65e5-04_39_53-300x300.png 300w, https:\/\/jonde.eu\/wp-content\/uploads\/2026\/05\/ChatGPT-Image-2026\u5e745\u67085\u65e5-04_39_53-1024x1024.png 1024w, https:\/\/jonde.eu\/wp-content\/uploads\/2026\/05\/ChatGPT-Image-2026\u5e745\u67085\u65e5-04_39_53-150x150.png 150w, https:\/\/jonde.eu\/wp-content\/uploads\/2026\/05\/ChatGPT-Image-2026\u5e745\u67085\u65e5-04_39_53-768x768.png 768w, https:\/\/jonde.eu\/wp-content\/uploads\/2026\/05\/ChatGPT-Image-2026\u5e745\u67085\u65e5-04_39_53-12x12.png 12w, https:\/\/jonde.eu\/wp-content\/uploads\/2026\/05\/ChatGPT-Image-2026\u5e745\u67085\u65e5-04_39_53-600x600.png 600w, https:\/\/jonde.eu\/wp-content\/uploads\/2026\/05\/ChatGPT-Image-2026\u5e745\u67085\u65e5-04_39_53-100x100.png 100w, https:\/\/jonde.eu\/wp-content\/uploads\/2026\/05\/ChatGPT-Image-2026\u5e745\u67085\u65e5-04_39_53.png 1254w\" sizes=\"auto, (max-width: 300px) 100vw, 300px\" \/> <img loading=\"lazy\" decoding=\"async\" class=\"alignnone size-medium wp-image-538\" src=\"https:\/\/jonde.eu\/wp-content\/uploads\/2026\/05\/ChatGPT-Image-2026\u5e745\u67085\u65e5-04_08_41-300x300.png\" alt=\"\" width=\"300\" height=\"300\" srcset=\"https:\/\/jonde.eu\/wp-content\/uploads\/2026\/05\/ChatGPT-Image-2026\u5e745\u67085\u65e5-04_08_41-300x300.png 300w, https:\/\/jonde.eu\/wp-content\/uploads\/2026\/05\/ChatGPT-Image-2026\u5e745\u67085\u65e5-04_08_41-1024x1024.png 1024w, https:\/\/jonde.eu\/wp-content\/uploads\/2026\/05\/ChatGPT-Image-2026\u5e745\u67085\u65e5-04_08_41-150x150.png 150w, https:\/\/jonde.eu\/wp-content\/uploads\/2026\/05\/ChatGPT-Image-2026\u5e745\u67085\u65e5-04_08_41-768x768.png 768w, https:\/\/jonde.eu\/wp-content\/uploads\/2026\/05\/ChatGPT-Image-2026\u5e745\u67085\u65e5-04_08_41-12x12.png 12w, https:\/\/jonde.eu\/wp-content\/uploads\/2026\/05\/ChatGPT-Image-2026\u5e745\u67085\u65e5-04_08_41-600x600.png 600w, https:\/\/jonde.eu\/wp-content\/uploads\/2026\/05\/ChatGPT-Image-2026\u5e745\u67085\u65e5-04_08_41-100x100.png 100w, https:\/\/jonde.eu\/wp-content\/uploads\/2026\/05\/ChatGPT-Image-2026\u5e745\u67085\u65e5-04_08_41.png 1254w\" sizes=\"auto, (max-width: 300px) 100vw, 300px\" \/> <img loading=\"lazy\" decoding=\"async\" class=\"alignnone size-medium wp-image-537\" src=\"https:\/\/jonde.eu\/wp-content\/uploads\/2026\/05\/ChatGPT-Image-2026\u5e745\u67085\u65e5-04_42_46-300x300.png\" alt=\"\" width=\"300\" height=\"300\" srcset=\"https:\/\/jonde.eu\/wp-content\/uploads\/2026\/05\/ChatGPT-Image-2026\u5e745\u67085\u65e5-04_42_46-300x300.png 300w, https:\/\/jonde.eu\/wp-content\/uploads\/2026\/05\/ChatGPT-Image-2026\u5e745\u67085\u65e5-04_42_46-1024x1024.png 1024w, https:\/\/jonde.eu\/wp-content\/uploads\/2026\/05\/ChatGPT-Image-2026\u5e745\u67085\u65e5-04_42_46-150x150.png 150w, https:\/\/jonde.eu\/wp-content\/uploads\/2026\/05\/ChatGPT-Image-2026\u5e745\u67085\u65e5-04_42_46-768x768.png 768w, https:\/\/jonde.eu\/wp-content\/uploads\/2026\/05\/ChatGPT-Image-2026\u5e745\u67085\u65e5-04_42_46-12x12.png 12w, https:\/\/jonde.eu\/wp-content\/uploads\/2026\/05\/ChatGPT-Image-2026\u5e745\u67085\u65e5-04_42_46-600x600.png 600w, https:\/\/jonde.eu\/wp-content\/uploads\/2026\/05\/ChatGPT-Image-2026\u5e745\u67085\u65e5-04_42_46-100x100.png 100w, https:\/\/jonde.eu\/wp-content\/uploads\/2026\/05\/ChatGPT-Image-2026\u5e745\u67085\u65e5-04_42_46.png 1254w\" sizes=\"auto, (max-width: 300px) 100vw, 300px\" \/> <img loading=\"lazy\" decoding=\"async\" class=\"alignnone size-medium wp-image-536\" src=\"https:\/\/jonde.eu\/wp-content\/uploads\/2026\/05\/ChatGPT-Image-2026\u5e745\u67085\u65e5-04_48_07-300x300.png\" alt=\"\" width=\"300\" height=\"300\" srcset=\"https:\/\/jonde.eu\/wp-content\/uploads\/2026\/05\/ChatGPT-Image-2026\u5e745\u67085\u65e5-04_48_07-300x300.png 300w, https:\/\/jonde.eu\/wp-content\/uploads\/2026\/05\/ChatGPT-Image-2026\u5e745\u67085\u65e5-04_48_07-1024x1024.png 1024w, https:\/\/jonde.eu\/wp-content\/uploads\/2026\/05\/ChatGPT-Image-2026\u5e745\u67085\u65e5-04_48_07-150x150.png 150w, https:\/\/jonde.eu\/wp-content\/uploads\/2026\/05\/ChatGPT-Image-2026\u5e745\u67085\u65e5-04_48_07-768x768.png 768w, https:\/\/jonde.eu\/wp-content\/uploads\/2026\/05\/ChatGPT-Image-2026\u5e745\u67085\u65e5-04_48_07-12x12.png 12w, https:\/\/jonde.eu\/wp-content\/uploads\/2026\/05\/ChatGPT-Image-2026\u5e745\u67085\u65e5-04_48_07-600x600.png 600w, https:\/\/jonde.eu\/wp-content\/uploads\/2026\/05\/ChatGPT-Image-2026\u5e745\u67085\u65e5-04_48_07-100x100.png 100w, https:\/\/jonde.eu\/wp-content\/uploads\/2026\/05\/ChatGPT-Image-2026\u5e745\u67085\u65e5-04_48_07.png 1254w\" sizes=\"auto, (max-width: 300px) 100vw, 300px\" \/> <img loading=\"lazy\" decoding=\"async\" class=\"alignnone size-medium wp-image-535\" src=\"https:\/\/jonde.eu\/wp-content\/uploads\/2026\/05\/ChatGPT-Image-2026\u5e745\u67085\u65e5-04_57_28-300x300.png\" alt=\"\" width=\"300\" height=\"300\" srcset=\"https:\/\/jonde.eu\/wp-content\/uploads\/2026\/05\/ChatGPT-Image-2026\u5e745\u67085\u65e5-04_57_28-300x300.png 300w, https:\/\/jonde.eu\/wp-content\/uploads\/2026\/05\/ChatGPT-Image-2026\u5e745\u67085\u65e5-04_57_28-1024x1024.png 1024w, https:\/\/jonde.eu\/wp-content\/uploads\/2026\/05\/ChatGPT-Image-2026\u5e745\u67085\u65e5-04_57_28-150x150.png 150w, https:\/\/jonde.eu\/wp-content\/uploads\/2026\/05\/ChatGPT-Image-2026\u5e745\u67085\u65e5-04_57_28-768x768.png 768w, https:\/\/jonde.eu\/wp-content\/uploads\/2026\/05\/ChatGPT-Image-2026\u5e745\u67085\u65e5-04_57_28-12x12.png 12w, https:\/\/jonde.eu\/wp-content\/uploads\/2026\/05\/ChatGPT-Image-2026\u5e745\u67085\u65e5-04_57_28-600x600.png 600w, https:\/\/jonde.eu\/wp-content\/uploads\/2026\/05\/ChatGPT-Image-2026\u5e745\u67085\u65e5-04_57_28-100x100.png 100w, https:\/\/jonde.eu\/wp-content\/uploads\/2026\/05\/ChatGPT-Image-2026\u5e745\u67085\u65e5-04_57_28.png 1254w\" sizes=\"auto, (max-width: 300px) 100vw, 300px\" \/><\/p>\n<p>JONDE KAFFEEM\u00dcHLE ist gekommen!<\/p>\n<p>Frisch gemahlener Kaffee \u2013 \u00fcberall.<\/p>\n<p>Die manuelle Kaffeem\u00fchle von JONDE wurde f\u00fcr Menschen entwickelt, die guten Kaffee nicht nur zuhause genie\u00dfen m\u00f6chten.<\/p>\n<p>Dank des leichten und kompakten Designs l\u00e4sst sich das Set bequem in Rucksack, Koffer oder Camper verstauen. Ob im Urlaub, beim Camping, auf Reisen oder einfach unterwegs \u2013 frischer Kaffee ist immer griffbereit.<\/p>\n<p>Das Set enth\u00e4lt:<br \/>\neine manuelle Kaffeem\u00fchle mit Edelstahlgeh\u00e4use<br \/>\neine Reinigungsb\u00fcrste aus Birkenholz und Naturborsten<br \/>\neine praktische Tragetasche aus Baumwolle<\/p>\n<p>Die mitgelieferte Tasche sch\u00fctzt die M\u00fchle beim Transport und sorgt f\u00fcr eine saubere und einfache Aufbewahrung.<\/p>\n<p>Ideal f\u00fcr:<br \/>\nReisen<br \/>\nCamping &amp; Outdoor<br \/>\nHotelaufenthalte<br \/>\nVanlife &amp; Roadtrips<br \/>\nB\u00fcro &amp; Alltag<\/p>\n<p>Kompakt, leicht und sofort einsatzbereit.<br \/>\nF\u00fcr alle, die Kaffee gerne flexibel genie\u00dfen.<\/p>","protected":false},"excerpt":{"rendered":"<p>JONDE KAFFEEM\u00dcHLE ist gekommen! Frisch gemahlener Kaffee \u2013 \u00fcberall. Die manuelle Kaffeem\u00fchle von JONDE wurde f\u00fcr Menschen entwickelt, die guten Kaffee nicht nur zuhause genie\u00dfen m\u00f6chten. Dank des leichten und kompakten Designs l\u00e4sst sich das Set bequem in Rucksack, Koffer oder Camper verstauen. Ob im Urlaub, beim Camping, auf Reisen oder einfach unterwegs \u2013 frischer [&hellip;]<\/p>","protected":false},"featured_media":526,"template":"","meta":{"_acf_changed":false},"product_brand":[],"product_cat":[19],"product_tag":[],"class_list":{"0":"post-525","1":"product","2":"type-product","3":"status-publish","4":"has-post-thumbnail","6":"product_cat-uncategorized","8":"first","9":"outofstock","10":"taxable","11":"shipping-taxable","12":"purchasable","13":"product-type-simple"},"acf":[],"_links":{"self":[{"href":"https:\/\/jonde.eu\/de\/wp-json\/wp\/v2\/product\/525","targetHints":{"allow":["GET"]}}],"collection":[{"href":"https:\/\/jonde.eu\/de\/wp-json\/wp\/v2\/product"}],"about":[{"href":"https:\/\/jonde.eu\/de\/wp-json\/wp\/v2\/types\/product"}],"wp:featuredmedia":[{"embeddable":true,"href":"https:\/\/jonde.eu\/de\/wp-json\/wp\/v2\/media\/526"}],"wp:attachment":[{"href":"https:\/\/jonde.eu\/de\/wp-json\/wp\/v2\/media?parent=525"}],"wp:term":[{"taxonomy":"product_brand","embeddable":true,"href":"https:\/\/jonde.eu\/de\/wp-json\/wp\/v2\/product_brand?post=525"},{"taxonomy":"product_cat","embeddable":true,"href":"https:\/\/jonde.eu\/de\/wp-json\/wp\/v2\/product_cat?post=525"},{"taxonomy":"product_tag","embeddable":true,"href":"https:\/\/jonde.eu\/de\/wp-json\/wp\/v2\/product_tag?post=525"}],"curies":[{"name":"wp","href":"https:\/\/api.w.org\/{rel}","templated":true}]}}