{"id":208,"date":"2024-09-10T02:15:35","date_gmt":"2024-09-10T00:15:35","guid":{"rendered":"https:\/\/jonde.eu\/?page_id=208"},"modified":"2024-10-17T20:03:09","modified_gmt":"2024-10-17T18:03:09","slug":"impressum","status":"publish","type":"page","link":"https:\/\/jonde.eu\/de\/impressum\/","title":{"rendered":"Impressum"},"content":{"rendered":"<p>JONDE<\/p><p>DarekabaraiUG(haftungsbeschr\u00e4nkt)<br>Grevenbroicher Weg4, 40547 D\u00fcsseldorf Germany<br>info@jonde.eu<br><br>HRB 91960 D\u00fcsseldorf<br>DE338385461<\/p>","protected":false},"excerpt":{"rendered":"<p>JONDE DarekabaraiUG(haftungsbeschr\u00e4nkt)Grevenbroicher Weg4, 40547 D\u00fcsseldorf Germanyinfo@jonde.eu HRB 91960 D\u00fcsseldorfDE338385461<\/p>","protected":false},"author":1,"featured_media":0,"parent":0,"menu_order":0,"comment_status":"closed","ping_status":"closed","template":"","meta":{"_acf_changed":false,"footnotes":""},"class_list":["post-208","page","type-page","status-publish","hentry"],"acf":[],"_links":{"self":[{"href":"https:\/\/jonde.eu\/de\/wp-json\/wp\/v2\/pages\/208","targetHints":{"allow":["GET"]}}],"collection":[{"href":"https:\/\/jonde.eu\/de\/wp-json\/wp\/v2\/pages"}],"about":[{"href":"https:\/\/jonde.eu\/de\/wp-json\/wp\/v2\/types\/page"}],"author":[{"embeddable":true,"href":"https:\/\/jonde.eu\/de\/wp-json\/wp\/v2\/users\/1"}],"replies":[{"embeddable":true,"href":"https:\/\/jonde.eu\/de\/wp-json\/wp\/v2\/comments?post=208"}],"version-history":[{"count":2,"href":"https:\/\/jonde.eu\/de\/wp-json\/wp\/v2\/pages\/208\/revisions"}],"predecessor-version":[{"id":310,"href":"https:\/\/jonde.eu\/de\/wp-json\/wp\/v2\/pages\/208\/revisions\/310"}],"wp:attachment":[{"href":"https:\/\/jonde.eu\/de\/wp-json\/wp\/v2\/media?parent=208"}],"curies":[{"name":"wp","href":"https:\/\/api.w.org\/{rel}","templated":true}]}}