{"id":192,"date":"2024-09-10T01:45:05","date_gmt":"2024-09-09T23:45:05","guid":{"rendered":"https:\/\/jonde.eu\/?page_id=192"},"modified":"2024-09-10T01:45:05","modified_gmt":"2024-09-09T23:45:05","slug":"shipping","status":"publish","type":"page","link":"https:\/\/jonde.eu\/de\/shipping\/","title":{"rendered":"Versand"},"content":{"rendered":"<h3 class=\"wp-block-heading\">Versandinformationen<\/h3><p><strong>Versandkosten<\/strong><\/p><ul class=\"wp-block-list\"><li>Kostenlos f\u00fcr Sie!<\/li><\/ul><p><strong>Versandziele<\/strong><\/p><ul class=\"wp-block-list\"><li>Alle EU-L\u00e4nder. <br>Wir arbeiten daran, in naher Zukunft in weitere Regionen zu expandieren.<\/li><\/ul><p class=\"translation-block\">Voraussichtliche Lieferzeit<\/p><ul class=\"wp-block-list\"><li>Deutschland: 2-5 Werktage<\/li>\n\n<li>Andere EU-L\u00e4nder: 3-10 Werktage<\/li>\n\n<li>In der Weihnachtszeit im Dezember und um Ostern herum k\u00f6nnen die Lieferzeiten l\u00e4nger als gew\u00f6hnlich sein.<\/li><\/ul><p><\/p>","protected":false},"excerpt":{"rendered":"<p>Shipping Information Shipping Costs Shipping Destinations Estimated Delivery Time<\/p>","protected":false},"author":1,"featured_media":0,"parent":0,"menu_order":0,"comment_status":"closed","ping_status":"closed","template":"","meta":{"_acf_changed":false,"footnotes":""},"class_list":["post-192","page","type-page","status-publish","hentry"],"acf":[],"_links":{"self":[{"href":"https:\/\/jonde.eu\/de\/wp-json\/wp\/v2\/pages\/192","targetHints":{"allow":["GET"]}}],"collection":[{"href":"https:\/\/jonde.eu\/de\/wp-json\/wp\/v2\/pages"}],"about":[{"href":"https:\/\/jonde.eu\/de\/wp-json\/wp\/v2\/types\/page"}],"author":[{"embeddable":true,"href":"https:\/\/jonde.eu\/de\/wp-json\/wp\/v2\/users\/1"}],"replies":[{"embeddable":true,"href":"https:\/\/jonde.eu\/de\/wp-json\/wp\/v2\/comments?post=192"}],"version-history":[{"count":2,"href":"https:\/\/jonde.eu\/de\/wp-json\/wp\/v2\/pages\/192\/revisions"}],"predecessor-version":[{"id":201,"href":"https:\/\/jonde.eu\/de\/wp-json\/wp\/v2\/pages\/192\/revisions\/201"}],"wp:attachment":[{"href":"https:\/\/jonde.eu\/de\/wp-json\/wp\/v2\/media?parent=192"}],"curies":[{"name":"wp","href":"https:\/\/api.w.org\/{rel}","templated":true}]}}